{"id":78,"date":"2022-10-17T07:03:13","date_gmt":"2022-10-17T07:03:13","guid":{"rendered":"http:\/\/sansolmedo.com\/home\/"},"modified":"2024-05-07T05:53:52","modified_gmt":"2024-05-07T03:53:52","slug":"home","status":"publish","type":"page","link":"https:\/\/sansolmedo.com\/es\/","title":{"rendered":"INICIO"},"content":{"rendered":"<div class=\"wp-block-uagb-container uagb-block-3cd20d15 alignfull uagb-is-root-container\">\n<div class=\"wp-block-uagb-advanced-heading uagb-block-afd6a05d\"><h1 class=\"uagb-heading-text\">SANS OLMEDO\u200b<\/h1><\/div>\n\n\n\n<div class=\"wp-block-uagb-info-box uagb-block-767f18f7 uagb-infobox__content-wrap  uagb-infobox-icon-above-title uagb-infobox-image-valign-top\"><div class=\"uagb-ifb-content\"><div class=\"uagb-ifb-title-wrap\"><h2 class=\"uagb-ifb-title\">UN MUNDO DE CURVAS Y SENTIMIENTO<\/h2><\/div><\/div><\/div>\n<\/div>\n\n\n\n<div class=\"wp-block-uagb-container uagb-block-86dd2db9 alignfull uagb-is-root-container\"><div class=\"uagb-container-inner-blocks-wrap\">\n<div class=\"wp-block-uagb-container uagb-block-e5e6341e\">\n<div class=\"wp-block-uagb-info-box uagb-block-ba0dd5ed uagb-infobox__content-wrap  uagb-infobox-icon-above-title uagb-infobox-image-valign-top\"><div class=\"uagb-ifb-content\"><div class=\"uagb-ifb-image-content\"><img decoding=\"async\" src=\"http:\/\/sansolmedo.com\/wp-content\/uploads\/2023\/05\/sans-olmedo-cuadro-1-scaled-e1682927226443.jpg\" alt=\"\" width=\"100\" height=\"100\" loading=\"lazy\"\/><\/div><div class=\"uagb-ifb-title-wrap\"><h4 class=\"uagb-ifb-title\">Cautiva y Comunica<\/h4><\/div><p class=\"uagb-ifb-desc\">Sans Olmedo <a href=\"http:\/\/sansolmedo.com\/es\/services\/\" data-type=\"page\" data-id=\"77\">es una pintora de Calafell<\/a> que ha creado <strong>un estilo \u00fanico y personal<\/strong> en sus obras. <br><br>Inspirada por el poder de las formas redondeadas y la esencia femenina, Sans Olmedo invita al espectador a explorar un universo de color y pasi\u00f3n, vibrante y emocionante.<br><\/p><\/div><\/div>\n<\/div>\n\n\n\n<div class=\"wp-block-uagb-container uagb-block-23aeb1aa\">\n<div class=\"wp-block-uagb-info-box uagb-block-e18da36d uagb-infobox__content-wrap  uagb-infobox-icon-above-title uagb-infobox-image-valign-top\"><div class=\"uagb-ifb-content\"><div class=\"uagb-ifb-image-content\"><img decoding=\"async\" src=\"http:\/\/sansolmedo.com\/wp-content\/uploads\/2023\/05\/sans-olmedo-quadro-catalunya-1-e1682954027532.jpg\" alt=\"\" width=\"100\" height=\"100\" loading=\"lazy\"\/><\/div><div class=\"uagb-ifb-title-wrap\"><h4 class=\"uagb-ifb-title\">Arte que habla<\/h4><\/div><p class=\"uagb-ifb-desc\">Las pinturas de Sans Olmedo son una oda en la vida, con colores c\u00e1lidos y comunicativos que brotan desde el interior de los seres solitarios que habita en su mundo art\u00edstico. <br><br>Los l\u00edmites y las formas establecidas en sus obras son como un armaz\u00f3n de vidrio que protege y revela al mismo tiempo, mostrando la belleza y la fuerza que reside en cada figura.<\/p><\/div><\/div>\n<\/div>\n\n\n\n<div class=\"wp-block-uagb-container uagb-block-a3d6f872\">\n<div class=\"wp-block-uagb-info-box uagb-block-90404f76 uagb-infobox__content-wrap  uagb-infobox-icon-above-title uagb-infobox-image-valign-top\"><div class=\"uagb-ifb-content\"><div class=\"uagb-ifb-image-content\"><img decoding=\"async\" src=\"http:\/\/sansolmedo.com\/wp-content\/uploads\/2023\/05\/pintoracatalanaplatja-e1684252049485.jpeg\" alt=\"Pintora Catalana Playa\" width=\"100\" height=\"100\" loading=\"lazy\"\/><\/div><div class=\"uagb-ifb-title-wrap\"><h4 class=\"uagb-ifb-title\">evoluci\u00f3n CONSTANTE<\/h4><\/div><p class=\"uagb-ifb-desc\">Sans Olmedo <strong>no se conforma con un solo medio<\/strong> para expresar su talento. Su destreza en el mural puede apreciarse en la plaza Alcalde Romeu de Calafell, donde los pescadores locales son retratados con gran detalle y sensibilidad. <br><br>Pero es a trav\u00e9s de la pintura, m\u00e1s \u00edntima y personal, que Sans Olmedo realmente logra cautivar y establecer nuevas formas de interpretar el arte.<\/p><\/div><\/div>\n<\/div>\n<\/div><\/div>\n\n\n\n<div class=\"wp-block-uagb-container uagb-block-2d394918 alignfull uagb-is-root-container\"><div class=\"uagb-container-inner-blocks-wrap\">\n<div class=\"wp-block-uagb-container uagb-block-612bc792\">\n<div class=\"wp-block-uagb-info-box uagb-block-a1de12ac uagb-infobox__content-wrap  uagb-infobox-icon-above-title uagb-infobox-image-valign-top\"><div class=\"uagb-ifb-content\"><div class=\"uagb-ifb-title-wrap\"><h2 class=\"uagb-ifb-title\">QUIEN ES SANS OLMEDO<\/h2><\/div><p class=\"uagb-ifb-desc\"><em><strong>Sans Olmedo<\/strong><\/em>&nbsp;ha vivido y trabajado dentro de una est\u00e9tica muy personal los cuadros que ahora presentamos. <br><br>El mundo que de momento le pertenece <strong>est\u00e1 hecho de formas redondeadas y cerradas<\/strong> a modo del \u00f3vulo primero de la creaci\u00f3n. Un mundo que, ante el peligro de expandirse antes de su definitiva maduraci\u00f3n, la pintora ha protegido con la coraza de las l\u00edneas que definen a las figuras, esencialmente femeninas, y las a\u00edslan del ambiente exterior.<br><br> Pero por furtuna, el caparaz\u00f3n del huevo es transparente y la armadura est\u00e1 hecha con cristal que, a pesar de su dureza, permite ver como en el interior de los seres solitarios <strong>crecen unos colores c\u00e1lidos<\/strong> y extraordinariamente comunicativos.<br><\/p><div class=\"uagb-ifb-button-wrapper wp-block-button\"><a href=\"\/es\/artista\/\" class=\"uagb-infobox-cta-link wp-block-button__link\" target=\"_self\" rel=\"noopener noreferrer\" onclick=\"return true;\" alt=\"\"><span class=\"uagb-inline-editing\">LEE M\u00c1S<\/span><\/a><\/div><\/div><\/div>\n<\/div>\n\n\n\n<div class=\"wp-block-uagb-container uagb-block-2686897d\">\n<figure class=\"wp-block-image size-large\"><img loading=\"lazy\" decoding=\"async\" width=\"1024\" height=\"768\" src=\"http:\/\/sansolmedo.com\/wp-content\/uploads\/2023\/05\/sans-olmedo-artista-catalunya-scaled-e1683008571969-1024x768.jpg\" alt=\"sans olmedo artista catalu\u00f1a\" class=\"wp-image-870\" srcset=\"https:\/\/sansolmedo.com\/wp-content\/uploads\/2023\/05\/sans-olmedo-artista-catalunya-scaled-e1683008571969-1024x768.jpg 1024w, https:\/\/sansolmedo.com\/wp-content\/uploads\/2023\/05\/sans-olmedo-artista-catalunya-scaled-e1683008571969-300x225.jpg 300w, https:\/\/sansolmedo.com\/wp-content\/uploads\/2023\/05\/sans-olmedo-artista-catalunya-scaled-e1683008571969-768x576.jpg 768w, https:\/\/sansolmedo.com\/wp-content\/uploads\/2023\/05\/sans-olmedo-artista-catalunya-scaled-e1683008571969-1536x1152.jpg 1536w, https:\/\/sansolmedo.com\/wp-content\/uploads\/2023\/05\/sans-olmedo-artista-catalunya-scaled-e1683008571969-16x12.jpg 16w, https:\/\/sansolmedo.com\/wp-content\/uploads\/2023\/05\/sans-olmedo-artista-catalunya-scaled-e1683008571969.jpg 1800w\" sizes=\"auto, (max-width: 1024px) 100vw, 1024px\" \/><\/figure>\n<\/div>\n<\/div><\/div>\n\n\n<p><script src=\"https:\/\/static.elfsight.com\/platform\/platform.js\" data-use-service-core defer><\/script><\/p>\n<div class=\"elfsight-app-cc730434-d18b-447f-86e6-07b2c72a0471\" data-elfsight-app-lazy><\/div>\n\n\n\n<div class=\"wp-block-uagb-container uagb-layout-flex uagb-block-76f7856e alignfull uagb-is-root-container\"><div class=\"uagb-container-inner-blocks-wrap\">\n<div class=\"wp-block-uagb-container uagb-block-31bea95f\">\n<div class=\"wp-block-uagb-call-to-action uagb-block-68a229ea wp-block-button\"><div class=\"uagb-cta__wrap\"><h2 class=\"uagb-cta__title\">Una vida dedicada al arte y A Calafell<\/h2><p class=\"uagb-cta__desc\"><em><strong>Sans Olmedo<\/strong><\/em>&nbsp;tiene el empuje necesario para demostrar su capacidad art\u00edstica por medio del mural. Calafell dispone en la plaza Alcalde Romeu de una obra suya en la que los pescadores que dieron impulso al barrio marinero son vistos con propiedad. Pero ser\u00e1 a trav\u00e9s de la pintura, mucho m\u00e1s \u00edntima y plenamente sentida como manifestaci\u00f3n de vida, que el artista llegar\u00e1 a estructurar el acento de novedad interpretativa que ahora se est\u00e1 configurando en ella.<\/p><\/div><div class=\"uagb-cta__buttons\"><a href=\"#\" class=\"uagb-cta__button-link-wrapper wp-block-button__link\" target=\"_self\" rel=\"noopener noreferrer\">CONTACTAR<\/a><\/div><\/div>\n<\/div>\n<\/div><\/div>","protected":false},"excerpt":{"rendered":"<p>SANS OLMEDO\u200b<\/p>","protected":false},"author":1,"featured_media":0,"parent":0,"menu_order":0,"comment_status":"closed","ping_status":"closed","template":"","meta":{"_uag_custom_page_level_css":"","site-sidebar-layout":"default","site-content-layout":"page-builder","ast-site-content-layout":"full-width-container","site-content-style":"unboxed","site-sidebar-style":"unboxed","ast-global-header-display":"","ast-banner-title-visibility":"","ast-main-header-display":"","ast-hfb-above-header-display":"","ast-hfb-below-header-display":"","ast-hfb-mobile-header-display":"","site-post-title":"disabled","ast-breadcrumbs-content":"","ast-featured-img":"","footer-sml-layout":"","ast-disable-related-posts":"","theme-transparent-header-meta":"enabled","adv-header-id-meta":"","stick-header-meta":"","header-above-stick-meta":"","header-main-stick-meta":"","header-below-stick-meta":"","astra-migrate-meta-layouts":"set","ast-page-background-enabled":"default","ast-page-background-meta":{"desktop":{"background-color":"var(--ast-global-color-4)","background-image":"","background-repeat":"repeat","background-position":"center center","background-size":"auto","background-attachment":"scroll","background-type":"","background-media":"","overlay-type":"","overlay-color":"","overlay-opacity":"","overlay-gradient":""},"tablet":{"background-color":"","background-image":"","background-repeat":"repeat","background-position":"center center","background-size":"auto","background-attachment":"scroll","background-type":"","background-media":"","overlay-type":"","overlay-color":"","overlay-opacity":"","overlay-gradient":""},"mobile":{"background-color":"","background-image":"","background-repeat":"repeat","background-position":"center center","background-size":"auto","background-attachment":"scroll","background-type":"","background-media":"","overlay-type":"","overlay-color":"","overlay-opacity":"","overlay-gradient":""}},"ast-content-background-meta":{"desktop":{"background-color":"var(--ast-global-color-5)","background-image":"","background-repeat":"repeat","background-position":"center center","background-size":"auto","background-attachment":"scroll","background-type":"","background-media":"","overlay-type":"","overlay-color":"","overlay-opacity":"","overlay-gradient":""},"tablet":{"background-color":"var(--ast-global-color-5)","background-image":"","background-repeat":"repeat","background-position":"center center","background-size":"auto","background-attachment":"scroll","background-type":"","background-media":"","overlay-type":"","overlay-color":"","overlay-opacity":"","overlay-gradient":""},"mobile":{"background-color":"var(--ast-global-color-5)","background-image":"","background-repeat":"repeat","background-position":"center center","background-size":"auto","background-attachment":"scroll","background-type":"","background-media":"","overlay-type":"","overlay-color":"","overlay-opacity":"","overlay-gradient":""}},"footnotes":""},"class_list":["post-78","page","type-page","status-publish","hentry"],"uagb_featured_image_src":{"full":false,"thumbnail":false,"medium":false,"medium_large":false,"large":false,"1536x1536":false,"2048x2048":false,"trp-custom-language-flag":false},"uagb_author_info":{"display_name":"francesc@articagency.com","author_link":"https:\/\/sansolmedo.com\/es\/author\/francescarticagency-com\/"},"uagb_comment_info":0,"uagb_excerpt":"SANS OLMEDO\u200b","_links":{"self":[{"href":"https:\/\/sansolmedo.com\/es\/wp-json\/wp\/v2\/pages\/78","targetHints":{"allow":["GET"]}}],"collection":[{"href":"https:\/\/sansolmedo.com\/es\/wp-json\/wp\/v2\/pages"}],"about":[{"href":"https:\/\/sansolmedo.com\/es\/wp-json\/wp\/v2\/types\/page"}],"author":[{"embeddable":true,"href":"https:\/\/sansolmedo.com\/es\/wp-json\/wp\/v2\/users\/1"}],"replies":[{"embeddable":true,"href":"https:\/\/sansolmedo.com\/es\/wp-json\/wp\/v2\/comments?post=78"}],"version-history":[{"count":6,"href":"https:\/\/sansolmedo.com\/es\/wp-json\/wp\/v2\/pages\/78\/revisions"}],"predecessor-version":[{"id":1505,"href":"https:\/\/sansolmedo.com\/es\/wp-json\/wp\/v2\/pages\/78\/revisions\/1505"}],"wp:attachment":[{"href":"https:\/\/sansolmedo.com\/es\/wp-json\/wp\/v2\/media?parent=78"}],"curies":[{"name":"wp","href":"https:\/\/api.w.org\/{rel}","templated":true}]}}